{"id":474,"date":"2018-06-21T08:50:53","date_gmt":"2018-06-21T08:50:53","guid":{"rendered":"https:\/\/lichtbildner-mainz.de\/?page_id=474"},"modified":"2023-04-03T07:48:28","modified_gmt":"2023-04-03T09:48:28","slug":"ausstellungen","status":"publish","type":"page","link":"https:\/\/lichtbildner-mainz.de\/?page_id=474","title":{"rendered":"ausstellungen"},"content":{"rendered":"<h3><img loading=\"lazy\" decoding=\"async\" class=\"alignright wp-image-849 size-full\" src=\"https:\/\/lichtbildner-mainz.de\/wp-content\/uploads\/2018\/06\/de_aus_001.jpg\" alt=\"\" width=\"406\" height=\"2184\" srcset=\"https:\/\/lichtbildner-mainz.de\/wp-content\/uploads\/2018\/06\/de_aus_001.jpg 406w, https:\/\/lichtbildner-mainz.de\/wp-content\/uploads\/2018\/06\/de_aus_001-56x300.jpg 56w, https:\/\/lichtbildner-mainz.de\/wp-content\/uploads\/2018\/06\/de_aus_001-104x560.jpg 104w\" sizes=\"auto, (max-width: 406px) 100vw, 406px\" \/>ausstellungen<\/h3>\n<p>&nbsp;<\/p>\n<h5><strong>2019<br \/>\n<\/strong><span style=\"color: #0000ff;\">&gt;lebensraum&lt;&nbsp;&nbsp;<\/span>&nbsp;&nbsp;&nbsp;&nbsp; <span style=\"color: #ff0000;\">h<\/span>abana vieja<br \/>\nbarbara skorupa + j\u00fcrgen heck<br \/>\nkunstverein bad godesberg<\/h5>\n<h5>2017<br \/>\n<span style=\"color: #0000ff;\">&gt;anderswelt&lt;<\/span><br \/>\nsibylle oeler + j\u00fcrgen heck<br \/>\ngalerie m.a.sh. remagen<\/h5>\n<h5>2016<br \/>\n<span style=\"color: #0000ff;\">&gt;zufriedenheit&lt;<\/span><br \/>\nlomo lounge mainz<\/h5>\n<h5>2015<br \/>\n<span style=\"color: #0000ff;\">&gt;anonyme portraits&lt;<\/span><br \/>\nk\u00fcnstlergruppe AdHoc<br \/>\nessen<\/h5>\n<h5>2015<br \/>\n<span style=\"color: #0000ff;\">&gt;zauberwald&lt;<\/span><br \/>\ngemeinschafts-<br \/>\nausstellung&nbsp;<br \/>\nalfredo kirchner<br \/>\nwachtberg<\/h5>\n<h5>2015<br \/>\n<span style=\"color: #0000ff;\">&gt;farben der natur&lt;<\/span><br \/>\nlomo lounge mainz<\/h5>\n<h5>2014<br \/>\n<span style=\"color: #0000ff;\">&gt;mensch und architektur&lt;<\/span><br \/>\ngalerie m.a.sh. remagen<\/h5>\n<h5>2013<br \/>\n<span style=\"color: #0000ff;\">&gt;naturpodeste&lt;<\/span><br \/>\nk\u00fcnstlergruppe AdHoc<br \/>\nessen<\/h5>\n<h5>2012<br \/>\n<span style=\"color: #0000ff;\">&gt;2.trifft 3. dimension&lt;<\/span><br \/>\nlutz hellmuth + j\u00fcrgen heck<br \/>\nkunstverein bad godesberg<\/h5>\n<h5>2011<br \/>\n<span style=\"color: #0000ff;\">&gt;schwarz wei\u00df&lt;<\/span><br \/>\ngemeinschaftsausstellung<br \/>\nbad godesberg \/ kortrijk (begien)<\/h5>\n<h5>2010<br \/>\n<span style=\"color: #0000ff;\">&gt;stille zeit&lt;<\/span><br \/>\nsilvia lang + j\u00fcrgen heck<br \/>\nkargart istanbul<\/h5>\n<h5>2009<br \/>\n<span style=\"color: #0000ff;\">&gt;zauberwald&lt;<\/span><br \/>\ngemeinschaftsaustellung&nbsp; alfredo kirchner<br \/>\nwachtberg<\/h5>\n<h5>2009<br \/>\n<span style=\"color: #0000ff;\">&gt;180grad istanbul&lt;<\/span><br \/>\nlomo lounge mainz<\/h5>\n<h5>2008<br \/>\n<span style=\"color: #0000ff;\">&gt;kulturbunkerkunst&lt;<\/span><br \/>\ngemeinschaftsausstellung<br \/>\nbad godesberg<\/h5>\n<p>&nbsp;<\/p>\n<p>&nbsp;<\/p>\n<h5><\/h5>\n<h4><\/h4>\n<h4><\/h4>\n","protected":false},"excerpt":{"rendered":"<p>ausstellungen &nbsp; 2019 &gt;lebensraum&lt;&nbsp;&nbsp;&nbsp;&nbsp;&nbsp;&nbsp; habana vieja barbara skorupa + j\u00fcrgen heck kunstverein bad godesberg 2017 &gt;anderswelt&lt; sibylle oeler + j\u00fcrgen heck galerie m.a.sh. remagen 2016 &gt;zufriedenheit&lt; lomo lounge mainz 2015 &gt;anonyme portraits&lt; k\u00fcnstlergruppe AdHoc essen 2015 &gt;zauberwald&lt; gemeinschafts- ausstellung&nbsp; alfredo kirchner wachtberg 2015 &gt;farben der natur&lt; lomo lounge mainz 2014 &gt;mensch und architektur&lt; galerie m.a.sh. [&hellip;]<\/p>\n","protected":false},"author":1,"featured_media":0,"parent":0,"menu_order":8,"comment_status":"closed","ping_status":"closed","template":"","meta":{"footnotes":""},"class_list":["post-474","page","type-page","status-publish","hentry"],"_links":{"self":[{"href":"https:\/\/lichtbildner-mainz.de\/index.php?rest_route=\/wp\/v2\/pages\/474","targetHints":{"allow":["GET"]}}],"collection":[{"href":"https:\/\/lichtbildner-mainz.de\/index.php?rest_route=\/wp\/v2\/pages"}],"about":[{"href":"https:\/\/lichtbildner-mainz.de\/index.php?rest_route=\/wp\/v2\/types\/page"}],"author":[{"embeddable":true,"href":"https:\/\/lichtbildner-mainz.de\/index.php?rest_route=\/wp\/v2\/users\/1"}],"replies":[{"embeddable":true,"href":"https:\/\/lichtbildner-mainz.de\/index.php?rest_route=%2Fwp%2Fv2%2Fcomments&post=474"}],"version-history":[{"count":27,"href":"https:\/\/lichtbildner-mainz.de\/index.php?rest_route=\/wp\/v2\/pages\/474\/revisions"}],"predecessor-version":[{"id":1953,"href":"https:\/\/lichtbildner-mainz.de\/index.php?rest_route=\/wp\/v2\/pages\/474\/revisions\/1953"}],"wp:attachment":[{"href":"https:\/\/lichtbildner-mainz.de\/index.php?rest_route=%2Fwp%2Fv2%2Fmedia&parent=474"}],"curies":[{"name":"wp","href":"https:\/\/api.w.org\/{rel}","templated":true}]}}